{"id":14717,"date":"2023-06-18T01:21:28","date_gmt":"2023-06-18T04:21:28","guid":{"rendered":"https:\/\/cisnenegro.com.br\/?page_id=14717"},"modified":"2025-08-18T21:16:47","modified_gmt":"2025-08-19T00:16:47","slug":"audicoes","status":"publish","type":"page","link":"https:\/\/cisnenegro.com.br\/en\/audicoes\/","title":{"rendered":"Auditions"},"content":{"rendered":"\n<div class=\"wp-block-group alignfull is-layout-constrained wp-block-group-is-layout-constrained\"><style>.kb-row-layout-id14717_d3f234-89 > .kt-row-column-wrap{align-content:center;}:where(.kb-row-layout-id14717_d3f234-89 > .kt-row-column-wrap) > .wp-block-kadence-column{justify-content:center;}.kb-row-layout-id14717_d3f234-89 > .kt-row-column-wrap{column-gap:var(--global-kb-gap-md, 2rem);row-gap:var(--global-kb-gap-none, 0rem );max-width:1793px;margin-left:auto;margin-right:auto;padding-top:100px;padding-bottom:0px;padding-left:100px;min-height:600px;grid-template-columns:minmax(0, 1fr);}.kb-row-layout-id14717_d3f234-89{background-image:url('https:\/\/cisnenegro.com.br\/wp-content\/uploads\/2023-06-16-at-22.49.41.jpg');background-size:cover;background-position:1% 100%;background-attachment:fixed;background-repeat:no-repeat;}.kb-row-layout-id14717_d3f234-89 > .kt-row-layout-overlay{opacity:0.60;background-color:#1b3039;mix-blend-mode:normal;}@media all and (max-width: 1024px), only screen and (min-device-width: 1024px) and (max-device-width: 1366px) and (-webkit-min-device-pixel-ratio: 2) and (hover: none){.kb-row-layout-id14717_d3f234-89{background-attachment:scroll;}}@media all and (max-width: 1024px){.kb-row-layout-id14717_d3f234-89 > .kt-row-column-wrap{grid-template-columns:minmax(0, 1fr);}}@media all and (max-width: 767px){.kb-row-layout-id14717_d3f234-89 > .kt-row-column-wrap{min-height:139px;grid-template-columns:minmax(0, 1fr);}}<\/style><div class=\"kb-row-layout-wrap kb-row-layout-id14717_d3f234-89 alignfull kt-row-has-bg wp-block-kadence-rowlayout\"><div class=\"kt-row-layout-overlay kt-row-overlay-normal\"><\/div><div class=\"kt-row-column-wrap kt-has-1-columns kt-row-layout-equal kt-tab-layout-inherit kt-mobile-layout-row kt-row-valign-middle\">\n<style>.kadence-column14717_45fcf8-6a > .kt-inside-inner-col,.kadence-column14717_45fcf8-6a > .kt-inside-inner-col:before{border-top-left-radius:0px;border-top-right-radius:0px;border-bottom-right-radius:0px;border-bottom-left-radius:0px;}.kadence-column14717_45fcf8-6a > .kt-inside-inner-col{column-gap:var(--global-kb-gap-sm, 1rem);}.kadence-column14717_45fcf8-6a > .kt-inside-inner-col{flex-direction:column;}.kadence-column14717_45fcf8-6a > .kt-inside-inner-col > .aligncenter{width:100%;}.kadence-column14717_45fcf8-6a > .kt-inside-inner-col:before{opacity:0.3;}.kadence-column14717_45fcf8-6a{position:relative;}@media all and (max-width: 1024px){.kadence-column14717_45fcf8-6a > .kt-inside-inner-col{flex-direction:column;justify-content:center;}}@media all and (max-width: 767px){.kadence-column14717_45fcf8-6a > .kt-inside-inner-col{flex-direction:column;justify-content:center;}.kadence-column14717_45fcf8-6a, .kt-inside-inner-col > .kadence-column14717_45fcf8-6a:not(.specificity){margin-top:-70px;margin-left:-70px;}}<\/style>\n<div class=\"wp-block-kadence-column kadence-column14717_45fcf8-6a kb-section-dir-vertical kb-section-sm-dir-vertical inner-column-1\"><div class=\"kt-inside-inner-col\"><style>.wp-block-kadence-advancedheading.kt-adv-heading14717_f39895-52, .wp-block-kadence-advancedheading.kt-adv-heading14717_f39895-52[data-kb-block=\"kb-adv-heading14717_f39895-52\"]{padding-top:0px;text-align:left;font-size:4em;line-height:1.7em;font-weight:700;font-style:normal;font-family:'PT Sans';color:#fff;}.wp-block-kadence-advancedheading.kt-adv-heading14717_f39895-52 mark.kt-highlight, .wp-block-kadence-advancedheading.kt-adv-heading14717_f39895-52[data-kb-block=\"kb-adv-heading14717_f39895-52\"] mark.kt-highlight{font-style:normal;color:#f76a0c;-webkit-box-decoration-break:clone;box-decoration-break:clone;padding-top:0px;padding-right:0px;padding-bottom:0px;padding-left:0px;}.wp-block-kadence-advancedheading.kt-adv-heading14717_f39895-52 img.kb-inline-image, .wp-block-kadence-advancedheading.kt-adv-heading14717_f39895-52[data-kb-block=\"kb-adv-heading14717_f39895-52\"] img.kb-inline-image{width:150px;vertical-align:baseline;}@media all and (max-width: 767px){.wp-block-kadence-advancedheading.kt-adv-heading14717_f39895-52, .wp-block-kadence-advancedheading.kt-adv-heading14717_f39895-52[data-kb-block=\"kb-adv-heading14717_f39895-52\"]{padding-top:var(--global-kb-spacing-xxl, 5rem);font-size:2.8em;text-align:left!important;}}<\/style>\n<h1 class=\"kt-adv-heading14717_f39895-52 wp-block-kadence-advancedheading\" data-kb-block=\"kb-adv-heading14717_f39895-52\">Audi\u00e7\u00f5es<\/h1>\n\n\n<style>.wp-block-kadence-advancedheading.kt-adv-heading14717_442ad2-f0, .wp-block-kadence-advancedheading.kt-adv-heading14717_442ad2-f0[data-kb-block=\"kb-adv-heading14717_442ad2-f0\"]{text-align:left;font-size:1.5em;line-height:1.7em;font-weight:300;font-style:normal;font-family:Lato;color:#fff;}.wp-block-kadence-advancedheading.kt-adv-heading14717_442ad2-f0 mark.kt-highlight, .wp-block-kadence-advancedheading.kt-adv-heading14717_442ad2-f0[data-kb-block=\"kb-adv-heading14717_442ad2-f0\"] mark.kt-highlight{font-style:normal;color:#f76a0c;-webkit-box-decoration-break:clone;box-decoration-break:clone;padding-top:0px;padding-right:0px;padding-bottom:0px;padding-left:0px;}.wp-block-kadence-advancedheading.kt-adv-heading14717_442ad2-f0 img.kb-inline-image, .wp-block-kadence-advancedheading.kt-adv-heading14717_442ad2-f0[data-kb-block=\"kb-adv-heading14717_442ad2-f0\"] img.kb-inline-image{width:150px;vertical-align:baseline;}@media all and (max-width: 767px){.wp-block-kadence-advancedheading.kt-adv-heading14717_442ad2-f0, .wp-block-kadence-advancedheading.kt-adv-heading14717_442ad2-f0[data-kb-block=\"kb-adv-heading14717_442ad2-f0\"]{font-size:1.4em;text-align:left!important;}}<\/style>\n<p class=\"kt-adv-heading14717_442ad2-f0 wp-block-kadence-advancedheading\" data-kb-block=\"kb-adv-heading14717_442ad2-f0\"><\/p>\n<\/div><\/div>\n\n<\/div><\/div><\/div>\n\n\n<style>.kb-row-layout-id14717_0f12c7-dd > .kt-row-column-wrap{align-content:start;}:where(.kb-row-layout-id14717_0f12c7-dd > .kt-row-column-wrap) > .wp-block-kadence-column{justify-content:start;}.kb-row-layout-id14717_0f12c7-dd > .kt-row-column-wrap{column-gap:var(--global-kb-gap-md, 2rem);row-gap:var(--global-kb-gap-md, 2rem);padding-top:var(--global-kb-spacing-sm, 1.5rem);padding-bottom:var(--global-kb-spacing-sm, 1.5rem);grid-template-columns:minmax(0, 1fr);}.kb-row-layout-id14717_0f12c7-dd > .kt-row-layout-overlay{opacity:0.30;}@media all and (max-width: 1024px){.kb-row-layout-id14717_0f12c7-dd > .kt-row-column-wrap{grid-template-columns:minmax(0, 1fr);}}@media all and (max-width: 767px){.kb-row-layout-id14717_0f12c7-dd > .kt-row-column-wrap{grid-template-columns:minmax(0, 1fr);}}<\/style><div class=\"kb-row-layout-wrap kb-row-layout-id14717_0f12c7-dd alignnone wp-block-kadence-rowlayout\"><div class=\"kt-row-column-wrap kt-has-2-columns kt-row-layout-row kt-tab-layout-inherit kt-mobile-layout-row kt-row-valign-top\">\n<style>.kadence-column14717_79b2ab-f4 > .kt-inside-inner-col,.kadence-column14717_79b2ab-f4 > .kt-inside-inner-col:before{border-top-left-radius:0px;border-top-right-radius:0px;border-bottom-right-radius:0px;border-bottom-left-radius:0px;}.kadence-column14717_79b2ab-f4 > .kt-inside-inner-col{column-gap:var(--global-kb-gap-sm, 1rem);}.kadence-column14717_79b2ab-f4 > .kt-inside-inner-col{flex-direction:column;}.kadence-column14717_79b2ab-f4 > .kt-inside-inner-col > .aligncenter{width:100%;}.kadence-column14717_79b2ab-f4 > .kt-inside-inner-col:before{opacity:0.3;}.kadence-column14717_79b2ab-f4{position:relative;}@media all and (max-width: 1024px){.kadence-column14717_79b2ab-f4 > .kt-inside-inner-col{flex-direction:column;justify-content:center;}}@media all and (max-width: 767px){.kadence-column14717_79b2ab-f4 > .kt-inside-inner-col{flex-direction:column;justify-content:center;}}<\/style>\n<div class=\"wp-block-kadence-column kadence-column14717_79b2ab-f4\"><div class=\"kt-inside-inner-col\"><style>.wp-block-kadence-advancedheading.kt-adv-heading14717_b81356-09, .wp-block-kadence-advancedheading.kt-adv-heading14717_b81356-09[data-kb-block=\"kb-adv-heading14717_b81356-09\"]{font-style:normal;}.wp-block-kadence-advancedheading.kt-adv-heading14717_b81356-09 mark.kt-highlight, .wp-block-kadence-advancedheading.kt-adv-heading14717_b81356-09[data-kb-block=\"kb-adv-heading14717_b81356-09\"] mark.kt-highlight{font-style:normal;color:#f76a0c;-webkit-box-decoration-break:clone;box-decoration-break:clone;padding-top:0px;padding-right:0px;padding-bottom:0px;padding-left:0px;}.wp-block-kadence-advancedheading.kt-adv-heading14717_b81356-09 img.kb-inline-image, .wp-block-kadence-advancedheading.kt-adv-heading14717_b81356-09[data-kb-block=\"kb-adv-heading14717_b81356-09\"] img.kb-inline-image{width:150px;vertical-align:baseline;}<\/style>\n<h2 class=\"kt-adv-heading14717_b81356-09 wp-block-kadence-advancedheading\" data-kb-block=\"kb-adv-heading14717_b81356-09\">Aprovados 1\u00aa fase<\/h2>\n\n\n\n<p>Pr\u00e9-selecionados para a 2\u00aa fase da audi\u00e7\u00e3o para o Elenco da Cisne Negro Cia. de Dan\u00e7a, na data e hor\u00e1rios abaixo:<\/p>\n\n\n\n<p><strong>Dia 22\/08\/2025<\/strong> (6\u00aa feira)<br>Mulheres: <strong>09h00 \/ 11h30<\/strong><br>Homens: <strong>13h00 \/ 15h30<\/strong><\/p>\n\n\n\n<p>Local:<br>Sede da CISNE NEGRO CIA. DE DAN\u00c7A &#8211; Rua Alian\u00e7a Liberal, 970 \u2013 Vila Leopoldina<br>Observa\u00e7\u00f5es:<br>\u2022 Chegar com 1 hora de anteced\u00eancia<br>\u2022 N\u00e3o ser\u00e1 permitida a entrada, ap\u00f3s o in\u00edcio da Audi\u00e7\u00e3o;<br>\u2022 As mulheres devem trazer sapatilha de ponta.<\/p>\n\n\n\n<p>Caso tenha alguma d\u00favida entre em contato.<\/p>\n<\/div><\/div>\n\n\n<style>.kadence-column14717_011690-7b > .kt-inside-inner-col,.kadence-column14717_011690-7b > .kt-inside-inner-col:before{border-top-left-radius:0px;border-top-right-radius:0px;border-bottom-right-radius:0px;border-bottom-left-radius:0px;}.kadence-column14717_011690-7b > .kt-inside-inner-col{column-gap:var(--global-kb-gap-sm, 1rem);}.kadence-column14717_011690-7b > .kt-inside-inner-col{flex-direction:column;}.kadence-column14717_011690-7b > .kt-inside-inner-col > .aligncenter{width:100%;}.kadence-column14717_011690-7b > .kt-inside-inner-col:before{opacity:0.3;}.kadence-column14717_011690-7b{position:relative;}@media all and (max-width: 1024px){.kadence-column14717_011690-7b > .kt-inside-inner-col{flex-direction:column;justify-content:center;}}@media all and (max-width: 767px){.kadence-column14717_011690-7b > .kt-inside-inner-col{flex-direction:column;justify-content:center;}}<\/style>\n<div class=\"wp-block-kadence-column kadence-column14717_011690-7b\"><div class=\"kt-inside-inner-col\"><style>.wp-block-kadence-advancedheading.kt-adv-heading14717_77edfc-5a, .wp-block-kadence-advancedheading.kt-adv-heading14717_77edfc-5a[data-kb-block=\"kb-adv-heading14717_77edfc-5a\"]{font-style:normal;}.wp-block-kadence-advancedheading.kt-adv-heading14717_77edfc-5a mark.kt-highlight, .wp-block-kadence-advancedheading.kt-adv-heading14717_77edfc-5a[data-kb-block=\"kb-adv-heading14717_77edfc-5a\"] mark.kt-highlight{font-style:normal;color:#f76a0c;-webkit-box-decoration-break:clone;box-decoration-break:clone;padding-top:0px;padding-right:0px;padding-bottom:0px;padding-left:0px;}.wp-block-kadence-advancedheading.kt-adv-heading14717_77edfc-5a img.kb-inline-image, .wp-block-kadence-advancedheading.kt-adv-heading14717_77edfc-5a[data-kb-block=\"kb-adv-heading14717_77edfc-5a\"] img.kb-inline-image{width:150px;vertical-align:baseline;}<\/style>\n<h2 class=\"kt-adv-heading14717_77edfc-5a wp-block-kadence-advancedheading\" data-kb-block=\"kb-adv-heading14717_77edfc-5a\">Resultados 1\u00aa fase<\/h2>\n\n\n<style>.wp-block-kadence-advancedheading.kt-adv-heading14717_68c1a0-d5, .wp-block-kadence-advancedheading.kt-adv-heading14717_68c1a0-d5[data-kb-block=\"kb-adv-heading14717_68c1a0-d5\"]{font-style:normal;}.wp-block-kadence-advancedheading.kt-adv-heading14717_68c1a0-d5 mark.kt-highlight, .wp-block-kadence-advancedheading.kt-adv-heading14717_68c1a0-d5[data-kb-block=\"kb-adv-heading14717_68c1a0-d5\"] mark.kt-highlight{font-style:normal;color:#f76a0c;-webkit-box-decoration-break:clone;box-decoration-break:clone;padding-top:0px;padding-right:0px;padding-bottom:0px;padding-left:0px;}.wp-block-kadence-advancedheading.kt-adv-heading14717_68c1a0-d5 img.kb-inline-image, .wp-block-kadence-advancedheading.kt-adv-heading14717_68c1a0-d5[data-kb-block=\"kb-adv-heading14717_68c1a0-d5\"] img.kb-inline-image{width:150px;vertical-align:baseline;}<\/style>\n<h6 class=\"kt-adv-heading14717_68c1a0-d5 wp-block-kadence-advancedheading\" data-kb-block=\"kb-adv-heading14717_68c1a0-d5\">Participantes aprovados para a 2\u00aa fase (presencial)<br><br>Adrian De Jesus Barreto<br>Alan M\u00e1rcio Amaral<br>Alexandre Biscaia Coutinho de Souza<br>Alexandre Ferreira da Silva<br>Ana Alice Virgilio de Oliveira<br>Ana Cec\u00edlia Pachioni Garcia<br>Ana Julia Lopes Lara Oliveira<br>Ana J\u00falia Azevedo Alegretti<br>Ana Luisa Merini<br>Ana Luiza Mendes Felippe<br>Anandha Marineli Maceo<br>Andrey Maciano<br>Anna Maria Pinheiro<br>Ayrton Gabriel<br>Beatriz Silveira Lima<br>Camila Luj\u00e1n Alcaraz<br>Carlos Murilo Mello Souto<br>Carolina Cezarino Man Marinho<br>Catherine Mei Iguchi<br>Cecilia Almeida<br>Chia Pereira<br>Clara Castelo Vieira<br>Delisier Moraes<br>Egivaldo Araujo<br>Elisa Kalau<br>Everlly Christinny Rodrigues Souza<br>Gabriel Diniz<br>Gabriela Assis Alves<br>Gabriela Ferreira da Silva Urbano<br>Gabriele Maroto<br>Geazi Rodrigues<br>Germano Sousa<br>Giovanna Costa Silva<br>Giovanna Motta Lana<br>Giovanna Popp Diniz<br>Gustavo Ribeiro<br>Heitor Hornhardt Arcanjo<br>Henrique Rodrigues<br>Isabella Precioso Monsalvo<br>Isadora Pietrobon S\u00e9kula<br>Izabelle Costa<br>Izadora Silva<br>Jacqueline de Sousa Carvalho<br>Joao Da Silva<br>Jos\u00e9 Lucas Souza<br>Julia Fidelis Faria<br>Julia Araujo Silva<br>Julia Julia Heloisa Procopio Nunes<br>J\u00falia Garagorry Garcia<br>J\u00falia Ara\u00fajo Nogueira de Freitas<br>Kau\u00eah Costa Palmeira<br>Lais Almeida Ferreira<br>Lara Martinez<br>Larissa Leal de Souza<br>Laura Vieira de Almeida Rodrigues Silva<br>L\u00edvia Nogueira Pinho<br>Lucas Cardoso Da Cruz y Gubal<br>Lu\u00edsa Kurianski Freitas Santos<br>Luiza Frauches Bezerra Falc\u00e3o<br>Luiza Pigatto Ribeiro<br>Manoela Machado Leopoldino<br>Manuella Antunes Gomes<br>Marcella Pinheiro Bomfim<br>Maria Clara Albino Pereira<br>Maria Eduarda Vilela<br>Maria Eduarda Rolim Pinto<br>Maria Eduarda Dion\u00edsio Molina Lopes<br>Maria Eduarda de Oliveira Vaz<br>Maria Luiza Bezerra de Souza<br>Maria Vitoria Gon\u00e7alves Ribeiro<br>Mariana Tomiati<br>Matheus Felix<br>Mayara Veronezi Mendes de Oliveira<br>Melyssa Carneiro<br>Mirella Fortunato Farias<br>Nicole Mendes<br>Nicolle De Oliveira Buzatto<br>Nicolli Camargo<br>Nicoly Nicoly Sayuri Franco Katsuki<br>Rafaela Angelotti Cieslak<br>Raphaela Di Celio<br>Renan Gon\u00e7alves<br>Renan Rocha Lemos Carvalho<br>Roger Victor Nunes Siqueira<br>Ruan Santos de Souza<br>Sabrina Duarte<br>Samantha Cortez<br>Samira Salvina Neri<br>Samuel Franklin Lelis da Silva<br>Sara Maria Cayres Copeinski<br>Sarah Ferreira Batista Carneiro<br>Taynara Luz Salom\u00e3o<br>Telma Yamabe Boquimpani<br>Thais Caroline Dos Santos<br>Thais Caroline Das Neves Amorim<br>Vict\u00f3ria Jaworski Zavala<br>Vinicius Almeida Conti<br>Vitor Antony Dos Santos Bertola<br>Vit\u00f3ria de Campos<br>Yasmin Rocha<br>Yasmin Correia<br>Yasmin Samara Rodrigues<\/h6>\n<\/div><\/div>\n\n<\/div><\/div>\n\n<style>.kb-row-layout-id14717_5c8757-d1 > .kt-row-column-wrap{align-content:start;}:where(.kb-row-layout-id14717_5c8757-d1 > .kt-row-column-wrap) > .wp-block-kadence-column{justify-content:start;}.kb-row-layout-id14717_5c8757-d1 > .kt-row-column-wrap{column-gap:var(--global-kb-gap-md, 2rem);row-gap:var(--global-kb-gap-md, 2rem);padding-top:var(--global-kb-spacing-sm, 1.5rem);padding-bottom:var(--global-kb-spacing-sm, 1.5rem);grid-template-columns:minmax(0, 1fr);}.kb-row-layout-id14717_5c8757-d1 > .kt-row-layout-overlay{opacity:0.30;}@media all and (min-width: 1025px){.kb-row-layout-id14717_5c8757-d1{display:none !important;}}@media all and (max-width: 1024px){.kb-row-layout-id14717_5c8757-d1 > .kt-row-column-wrap{grid-template-columns:minmax(0, 1fr);}}@media all and (min-width: 768px) and (max-width: 1024px){.kb-row-layout-id14717_5c8757-d1{display:none !important;}}@media all and (max-width: 767px){.kb-row-layout-id14717_5c8757-d1 > .kt-row-column-wrap{grid-template-columns:minmax(0, 1fr);}.kb-row-layout-id14717_5c8757-d1{display:none !important;}}<\/style><div class=\"kb-row-layout-wrap kb-row-layout-id14717_5c8757-d1 alignnone kb-v-lg-hidden kb-v-md-hidden kb-v-sm-hidden wp-block-kadence-rowlayout\"><div class=\"kt-row-column-wrap kt-has-1-columns kt-row-layout-equal kt-tab-layout-inherit kt-mobile-layout-row kt-row-valign-top\">\n<style>.kadence-column14717_5a1ba3-21 > .kt-inside-inner-col,.kadence-column14717_5a1ba3-21 > .kt-inside-inner-col:before{border-top-left-radius:0px;border-top-right-radius:0px;border-bottom-right-radius:0px;border-bottom-left-radius:0px;}.kadence-column14717_5a1ba3-21 > .kt-inside-inner-col{column-gap:var(--global-kb-gap-sm, 1rem);}.kadence-column14717_5a1ba3-21 > .kt-inside-inner-col{flex-direction:column;}.kadence-column14717_5a1ba3-21 > .kt-inside-inner-col > .aligncenter{width:100%;}.kadence-column14717_5a1ba3-21 > .kt-inside-inner-col:before{opacity:0.3;}.kadence-column14717_5a1ba3-21{position:relative;}@media all and (max-width: 1024px){.kadence-column14717_5a1ba3-21 > .kt-inside-inner-col{flex-direction:column;justify-content:center;}}@media all and (max-width: 767px){.kadence-column14717_5a1ba3-21 > .kt-inside-inner-col{flex-direction:column;justify-content:center;}}<\/style>\n<div class=\"wp-block-kadence-column kadence-column14717_5a1ba3-21\"><div class=\"kt-inside-inner-col\">\n<h2 class=\"wp-block-heading\">&#8220;O Quebra-Nozes&#8221; 2025<\/h2>\n\n\n\n<p>A primeira etapa acontece com inscri\u00e7\u00e3o online, de 7 de julho de 2025 a 18 de agosto de 2025 &#8211; preenchimento do formul\u00e1rio e envio pr\u00e9vio de foto e v\u00eddeo de <strong>DAN\u00c7A CL\u00c1SSICA<\/strong>, ressaltando habilidades t\u00e9cnicas e expressivas. V\u00eddeos que n\u00e3o consigam ser reproduzidos ser\u00e3o desclassificados e ao enviar coreografias em grupo, identificar-se na descri\u00e7\u00e3o.<br>Os candidatos selecionados far\u00e3o a segunda etapa presencialmente no dia 22 de agosto, na sede da Cisne Negro Cia de Dan\u00e7a, em S\u00e3o Paulo. Ressaltamos que o processo seletivo se restringe \u00e0 profissionais que j\u00e1 possuam DRT e forma\u00e7\u00e3o em ballet cl\u00e1ssico.<\/p>\n\n\n\n<p>1\u00aa Etapa &#8211; In\u00edcio das inscri\u00e7\u00f5es <strong>07\/07\/25<\/strong> e t\u00e9rmino das inscri\u00e7\u00f5es: <strong>15\/08\/2025<\/strong><br>2\u00aa Etapa &#8211; Audi\u00e7\u00f5es presenciais: <strong>22\/08\/25<\/strong><\/p>\n\n\n\n<p>\u2013 Para participar do processo seletivo, \u00e9 obrigat\u00f3rio o preenchimento da ficha de pr\u00e9-inscri\u00e7\u00e3o (formul\u00e1rio dispon\u00edvel no link abaixo). Divulga\u00e7\u00e3o dos aprovados da primeira etapa: a partir do dia 18 de agosto de 2025<br><\/p>\n\n\n\n<div class=\"wp-block-buttons is-layout-flex wp-block-buttons-is-layout-flex\">\n<div class=\"wp-block-button\"><a class=\"wp-block-button__link wp-element-button\" href=\"https:\/\/audicao.preteus.com\" rel=\"nofollow noopener\" target=\"_blank\">Inscri\u00e7\u00e3o Audi\u00e7\u00e3o<\/a><\/div>\n<\/div>\n<\/div><\/div>\n\n<\/div><\/div>\n\n<style>.kb-row-layout-id14717_bfe5fb-35 > .kt-row-column-wrap{align-content:start;}:where(.kb-row-layout-id14717_bfe5fb-35 > .kt-row-column-wrap) > .wp-block-kadence-column{justify-content:start;}.kb-row-layout-id14717_bfe5fb-35 > .kt-row-column-wrap{column-gap:var(--global-kb-gap-md, 2rem);row-gap:var(--global-kb-gap-md, 2rem);padding-top:var(--global-kb-spacing-sm, 1.5rem);padding-bottom:var(--global-kb-spacing-sm, 1.5rem);grid-template-columns:minmax(0, 1fr);}.kb-row-layout-id14717_bfe5fb-35 > .kt-row-layout-overlay{opacity:0.30;}@media all and (min-width: 1025px){.kb-row-layout-id14717_bfe5fb-35{display:none !important;}}@media all and (max-width: 1024px){.kb-row-layout-id14717_bfe5fb-35 > .kt-row-column-wrap{grid-template-columns:minmax(0, 1fr);}}@media all and (min-width: 768px) and (max-width: 1024px){.kb-row-layout-id14717_bfe5fb-35{display:none !important;}}@media all and (max-width: 767px){.kb-row-layout-id14717_bfe5fb-35 > .kt-row-column-wrap{grid-template-columns:minmax(0, 1fr);}.kb-row-layout-id14717_bfe5fb-35{display:none !important;}}<\/style><div class=\"kb-row-layout-wrap kb-row-layout-id14717_bfe5fb-35 alignnone kb-v-lg-hidden kb-v-md-hidden kb-v-sm-hidden wp-block-kadence-rowlayout\"><div class=\"kt-row-column-wrap kt-has-1-columns kt-row-layout-equal kt-tab-layout-inherit kt-mobile-layout-row kt-row-valign-top\">\n<style>.kadence-column14717_b64adc-50 > .kt-inside-inner-col,.kadence-column14717_b64adc-50 > .kt-inside-inner-col:before{border-top-left-radius:0px;border-top-right-radius:0px;border-bottom-right-radius:0px;border-bottom-left-radius:0px;}.kadence-column14717_b64adc-50 > .kt-inside-inner-col{column-gap:var(--global-kb-gap-sm, 1rem);}.kadence-column14717_b64adc-50 > .kt-inside-inner-col{flex-direction:column;}.kadence-column14717_b64adc-50 > .kt-inside-inner-col > .aligncenter{width:100%;}.kadence-column14717_b64adc-50 > .kt-inside-inner-col:before{opacity:0.3;}.kadence-column14717_b64adc-50{position:relative;}@media all and (max-width: 1024px){.kadence-column14717_b64adc-50 > .kt-inside-inner-col{flex-direction:column;justify-content:center;}}@media all and (max-width: 767px){.kadence-column14717_b64adc-50 > .kt-inside-inner-col{flex-direction:column;justify-content:center;}}<\/style>\n<div class=\"wp-block-kadence-column kadence-column14717_b64adc-50\"><div class=\"kt-inside-inner-col\">\n<h2 class=\"wp-block-heading\" style=\"font-size:23px\">Audi\u00e7\u00e3o Quebra Nozes 2025. Em Breve&#8230;<\/h2>\n<\/div><\/div>\n\n<\/div><\/div>","protected":false},"excerpt":{"rendered":"<p>Audi\u00e7\u00f5es Aprovados 1\u00aa fase Pr\u00e9-selecionados para a 2\u00aa fase da audi\u00e7\u00e3o para o Elenco da Cisne Negro Cia. de Dan\u00e7a, na data e hor\u00e1rios abaixo: Dia 22\/08\/2025 (6\u00aa feira)Mulheres: 09h00 \/ 11h30Homens: 13h00 \/ 15h30 Local:Sede da CISNE NEGRO CIA. DE DAN\u00c7A &#8211; Rua Alian\u00e7a Liberal, 970 \u2013 Vila LeopoldinaObserva\u00e7\u00f5es:\u2022 Chegar com 1 hora de&#8230;<\/p>","protected":false},"author":1,"featured_media":0,"parent":0,"menu_order":0,"comment_status":"closed","ping_status":"closed","template":"","meta":{"_kad_blocks_custom_css":"","_kad_blocks_head_custom_js":"","_kad_blocks_body_custom_js":"","_kad_blocks_footer_custom_js":"","_kad_post_transparent":"enable","_kad_post_title":"hide","_kad_post_layout":"default","_kad_post_sidebar_id":"","_kad_post_content_style":"","_kad_post_vertical_padding":"default","_kad_post_feature":"","_kad_post_feature_position":"","_kad_post_header":false,"_kad_post_footer":false,"_kad_post_classname":"","footnotes":""},"class_list":["post-14717","page","type-page","status-publish","hentry"],"taxonomy_info":[],"featured_image_src_large":false,"author_info":{"display_name":"Cisne Negro Cia de Dan\u00e7a","author_link":"https:\/\/cisnenegro.com.br\/en\/author\/olhara\/"},"comment_info":0,"_links":{"self":[{"href":"https:\/\/cisnenegro.com.br\/en\/wp-json\/wp\/v2\/pages\/14717","targetHints":{"allow":["GET"]}}],"collection":[{"href":"https:\/\/cisnenegro.com.br\/en\/wp-json\/wp\/v2\/pages"}],"about":[{"href":"https:\/\/cisnenegro.com.br\/en\/wp-json\/wp\/v2\/types\/page"}],"author":[{"embeddable":true,"href":"https:\/\/cisnenegro.com.br\/en\/wp-json\/wp\/v2\/users\/1"}],"replies":[{"embeddable":true,"href":"https:\/\/cisnenegro.com.br\/en\/wp-json\/wp\/v2\/comments?post=14717"}],"version-history":[{"count":47,"href":"https:\/\/cisnenegro.com.br\/en\/wp-json\/wp\/v2\/pages\/14717\/revisions"}],"predecessor-version":[{"id":17678,"href":"https:\/\/cisnenegro.com.br\/en\/wp-json\/wp\/v2\/pages\/14717\/revisions\/17678"}],"wp:attachment":[{"href":"https:\/\/cisnenegro.com.br\/en\/wp-json\/wp\/v2\/media?parent=14717"}],"curies":[{"name":"wp","href":"https:\/\/api.w.org\/{rel}","templated":true}]}}