{"id":11909,"date":"2022-04-15T19:07:45","date_gmt":"2022-04-15T22:07:45","guid":{"rendered":"https:\/\/cisnenegro.com.br\/?page_id=11909"},"modified":"2026-02-04T02:24:41","modified_gmt":"2026-02-04T05:24:41","slug":"contato","status":"publish","type":"page","link":"https:\/\/cisnenegro.com.br\/en\/contato\/","title":{"rendered":"Contact"},"content":{"rendered":"<style>.kb-row-layout-wrap.wp-block-kadence-rowlayout.kb-row-layout-id11909_069ef5-0a{margin-top:10px;margin-bottom:10px;}.kb-row-layout-id11909_069ef5-0a > .kt-row-column-wrap{align-content:start;}:where(.kb-row-layout-id11909_069ef5-0a > .kt-row-column-wrap) > .wp-block-kadence-column{justify-content:start;}.kb-row-layout-id11909_069ef5-0a > .kt-row-column-wrap{column-gap:var(--global-kb-gap-md, 2rem);row-gap:var(--global-kb-gap-md, 2rem);padding-top:0px;padding-bottom:0px;grid-template-columns:minmax(0, calc(50% - ((var(--global-kb-gap-md, 2rem) * 1 )\/2)))minmax(0, calc(50% - ((var(--global-kb-gap-md, 2rem) * 1 )\/2)));}.kb-row-layout-id11909_069ef5-0a > .kt-row-layout-overlay{opacity:0.30;}@media all and (max-width: 1024px){.kb-row-layout-id11909_069ef5-0a > .kt-row-column-wrap{grid-template-columns:repeat(2, minmax(0, 1fr));}}@media all and (max-width: 767px){.kb-row-layout-id11909_069ef5-0a > .kt-row-column-wrap{grid-template-columns:minmax(0, 1fr);}}<\/style><div class=\"kb-row-layout-wrap kb-row-layout-id11909_069ef5-0a alignnone wp-block-kadence-rowlayout\"><div class=\"kt-row-column-wrap kt-has-2-columns kt-row-layout-equal kt-tab-layout-inherit kt-mobile-layout-row kt-row-valign-top\">\n<style>.kadence-column11909_189bfa-be > .kt-inside-inner-col,.kadence-column11909_189bfa-be > .kt-inside-inner-col:before{border-top-left-radius:0px;border-top-right-radius:0px;border-bottom-right-radius:0px;border-bottom-left-radius:0px;}.kadence-column11909_189bfa-be > .kt-inside-inner-col{column-gap:var(--global-kb-gap-sm, 1rem);}.kadence-column11909_189bfa-be > .kt-inside-inner-col{flex-direction:column;}.kadence-column11909_189bfa-be > .kt-inside-inner-col > .aligncenter{width:100%;}.kadence-column11909_189bfa-be > .kt-inside-inner-col:before{opacity:0.3;}.kadence-column11909_189bfa-be{position:relative;}@media all and (max-width: 1024px){.kadence-column11909_189bfa-be > .kt-inside-inner-col{flex-direction:column;justify-content:center;}}@media all and (max-width: 767px){.kadence-column11909_189bfa-be > .kt-inside-inner-col{flex-direction:column;justify-content:center;}}<\/style>\n<div class=\"wp-block-kadence-column kadence-column11909_189bfa-be inner-column-1\"><div class=\"kt-inside-inner-col\"><style>.kb-image11909_767bb7-56 .kb-image-has-overlay:after{opacity:0.3;}<\/style>\n<figure class=\"wp-block-kadence-image kb-image11909_767bb7-56 is-style-default\"><img loading=\"lazy\" decoding=\"async\" width=\"1920\" height=\"1308\" src=\"https:\/\/cisnenegro.com.br\/wp-content\/uploads\/header-revoadas-blackwhite.jpg\" alt=\"\" class=\"kb-img wp-image-9260\" title=\"\" srcset=\"https:\/\/cisnenegro.com.br\/wp-content\/uploads\/header-revoadas-blackwhite.jpg 1920w, https:\/\/cisnenegro.com.br\/wp-content\/uploads\/header-revoadas-blackwhite-300x204.jpg 300w, https:\/\/cisnenegro.com.br\/wp-content\/uploads\/header-revoadas-blackwhite-1024x698.jpg 1024w, https:\/\/cisnenegro.com.br\/wp-content\/uploads\/header-revoadas-blackwhite-768x523.jpg 768w, https:\/\/cisnenegro.com.br\/wp-content\/uploads\/header-revoadas-blackwhite-1536x1046.jpg 1536w\" sizes=\"auto, (max-width: 1920px) 100vw, 1920px\" \/><\/figure>\n<\/div><\/div>\n\n\n<style>.kadence-column11909_f95d8f-4b > .kt-inside-inner-col,.kadence-column11909_f95d8f-4b > .kt-inside-inner-col:before{border-top-left-radius:0px;border-top-right-radius:0px;border-bottom-right-radius:0px;border-bottom-left-radius:0px;}.kadence-column11909_f95d8f-4b > .kt-inside-inner-col{column-gap:var(--global-kb-gap-sm, 1rem);}.kadence-column11909_f95d8f-4b > .kt-inside-inner-col{flex-direction:column;}.kadence-column11909_f95d8f-4b > .kt-inside-inner-col > .aligncenter{width:100%;}.kadence-column11909_f95d8f-4b > .kt-inside-inner-col:before{opacity:0.3;}.kadence-column11909_f95d8f-4b{position:relative;}@media all and (max-width: 1024px){.kadence-column11909_f95d8f-4b > .kt-inside-inner-col{flex-direction:column;justify-content:center;}}@media all and (max-width: 767px){.kadence-column11909_f95d8f-4b > .kt-inside-inner-col{flex-direction:column;justify-content:center;}}<\/style>\n<div class=\"wp-block-kadence-column kadence-column11909_f95d8f-4b inner-column-2\"><div class=\"kt-inside-inner-col\">\n<p><\/p>\n\n\n<style>.wp-block-kadence-advancedheading.kt-adv-heading11909_7f3f9e-95, .wp-block-kadence-advancedheading.kt-adv-heading11909_7f3f9e-95[data-kb-block=\"kb-adv-heading11909_7f3f9e-95\"]{font-style:normal;}.wp-block-kadence-advancedheading.kt-adv-heading11909_7f3f9e-95 mark.kt-highlight, .wp-block-kadence-advancedheading.kt-adv-heading11909_7f3f9e-95[data-kb-block=\"kb-adv-heading11909_7f3f9e-95\"] mark.kt-highlight{font-style:normal;color:#f76a0c;-webkit-box-decoration-break:clone;box-decoration-break:clone;padding-top:0px;padding-right:0px;padding-bottom:0px;padding-left:0px;}.wp-block-kadence-advancedheading.kt-adv-heading11909_7f3f9e-95 img.kb-inline-image, .wp-block-kadence-advancedheading.kt-adv-heading11909_7f3f9e-95[data-kb-block=\"kb-adv-heading11909_7f3f9e-95\"] img.kb-inline-image{width:150px;vertical-align:baseline;}<\/style>\n<h2 class=\"kt-adv-heading11909_7f3f9e-95 wp-block-kadence-advancedheading\" data-kb-block=\"kb-adv-heading11909_7f3f9e-95\">CISNE NEGRO CIA DE DAN\u00c7A<\/h2>\n\n\n\n<p>Rua Alian\u00e7a Liberal, 970 &#8211; Vila Leopoldina<br>S\u00e3o Paulo &#8211; SP &#8211; CEP- 05088-000<br>Brasil<\/p>\n\n\n\n<p><br>+55 11 3813-4966<\/p>\n\n\n<style>.kb-row-layout-id11909_788506-17 > .kt-row-column-wrap{align-content:start;}:where(.kb-row-layout-id11909_788506-17 > .kt-row-column-wrap) > .wp-block-kadence-column{justify-content:start;}.kb-row-layout-id11909_788506-17 > .kt-row-column-wrap{column-gap:var(--global-kb-gap-none, 0rem );row-gap:var(--global-kb-gap-none, 0rem );padding-top:0px;padding-bottom:0px;grid-template-columns:minmax(0, calc(10% - ((var(--global-kb-gap-none, 0rem ) * 1 )\/2)))minmax(0, calc(90% - ((var(--global-kb-gap-none, 0rem ) * 1 )\/2)));}.kb-row-layout-id11909_788506-17 > .kt-row-layout-overlay{opacity:0.30;}.kb-row-layout-id11909_788506-17 .kt-row-layout-bottom-sep{height:100px;}.kb-row-layout-id11909_788506-17 .kt-row-layout-bottom-sep svg{width:100%;}.kb-row-layout-id11909_788506-17 .kt-row-layout-bottom-sep svg{fill:#ffffff!important;}@media all and (max-width: 1024px){.kb-row-layout-id11909_788506-17 > .kt-row-column-wrap{grid-template-columns:repeat(2, minmax(0, 1fr));}}@media all and (max-width: 1024px){.kb-row-layout-id11909_788506-17 .kt-row-layout-bottom-sep{height:px;}}@media all and (max-width: 1024px){.kb-row-layout-id11909_788506-17 .kt-row-layout-bottom-sep svg{width:%;}}@media all and (max-width: 767px){.kb-row-layout-id11909_788506-17 > .kt-row-column-wrap{padding-right:0px;padding-bottom:10px;padding-left:0px;grid-template-columns:minmax(0, 1fr);}.kb-row-layout-id11909_788506-17 .kt-row-layout-bottom-sep{height:px;}.kb-row-layout-id11909_788506-17 .kt-row-layout-bottom-sep svg{width:%;}}<\/style><div class=\"kb-row-layout-wrap kb-row-layout-id11909_788506-17 alignnone wp-block-kadence-rowlayout\"><div class=\"kt-row-column-wrap kt-has-2-columns kt-row-layout-equal kt-tab-layout-inherit kt-mobile-layout-row kt-row-valign-top\">\n<style>.kadence-column11909_665cb0-87 > .kt-inside-inner-col,.kadence-column11909_665cb0-87 > .kt-inside-inner-col:before{border-top-left-radius:0px;border-top-right-radius:0px;border-bottom-right-radius:0px;border-bottom-left-radius:0px;}.kadence-column11909_665cb0-87 > .kt-inside-inner-col{column-gap:var(--global-kb-gap-sm, 1rem);}.kadence-column11909_665cb0-87 > .kt-inside-inner-col{flex-direction:column;}.kadence-column11909_665cb0-87 > .kt-inside-inner-col > .aligncenter{width:100%;}.kadence-column11909_665cb0-87 > .kt-inside-inner-col:before{opacity:0.3;}.kadence-column11909_665cb0-87{position:relative;}@media all and (max-width: 1024px){.kadence-column11909_665cb0-87 > .kt-inside-inner-col{flex-direction:column;justify-content:center;}}@media all and (max-width: 767px){.kadence-column11909_665cb0-87 > .kt-inside-inner-col{flex-direction:column;justify-content:center;}}<\/style>\n<div class=\"wp-block-kadence-column kadence-column11909_665cb0-87 inner-column-1\"><div class=\"kt-inside-inner-col\"><style>.wp-block-kadence-icon.kt-svg-icons11909_a192ba-ad{justify-content:center;}@media all and (max-width: 767px){.wp-block-kadence-icon.kt-svg-icons11909_a192ba-ad{justify-content:flex-start;}}<\/style>\n<div class=\"wp-block-kadence-icon kt-svg-icons kt-svg-icons11909_a192ba-ad alignnone kb-icon-valign-middle\"><style>.kt-svg-item-11909_c6f481-33 .kb-svg-icon-wrap, .kt-svg-style-stacked.kt-svg-item-11909_c6f481-33 .kb-svg-icon-wrap{color:#444444;font-size:30px;}<\/style>\n<div class=\"wp-block-kadence-single-icon kt-svg-style-default kt-svg-icon-wrap kt-svg-item-11909_c6f481-33\"><a href=\"https:\/\/wa.me\/5511999322382\" class=\"kt-svg-icon-link\" target=\"_blank\" rel=\"noopener noreferrer nofollow\"><span class=\"kb-svg-icon-wrap kb-svg-icon-fa_whatsapp\"><svg viewBox=\"0 0 448 512\"  fill=\"currentColor\" xmlns=\"http:\/\/www.w3.org\/2000\/svg\"  aria-hidden=\"true\"><path d=\"M380.9 97.1C339 55.1 283.2 32 223.9 32c-122.4 0-222 99.6-222 222 0 39.1 10.2 77.3 29.6 111L0 480l117.7-30.9c32.4 17.7 68.9 27 106.1 27h.1c122.3 0 224.1-99.6 224.1-222 0-59.3-25.2-115-67.1-157zm-157 341.6c-33.2 0-65.7-8.9-94-25.7l-6.7-4-69.8 18.3L72 359.2l-4.4-7c-18.5-29.4-28.2-63.3-28.2-98.2 0-101.7 82.8-184.5 184.6-184.5 49.3 0 95.6 19.2 130.4 54.1 34.8 34.9 56.2 81.2 56.1 130.5 0 101.8-84.9 184.6-186.6 184.6zm101.2-138.2c-5.5-2.8-32.8-16.2-37.9-18-5.1-1.9-8.8-2.8-12.5 2.8-3.7 5.6-14.3 18-17.6 21.8-3.2 3.7-6.5 4.2-12 1.4-32.6-16.3-54-29.1-75.5-66-5.7-9.8 5.7-9.1 16.3-30.3 1.8-3.7.9-6.9-.5-9.7-1.4-2.8-12.5-30.1-17.1-41.2-4.5-10.8-9.1-9.3-12.5-9.5-3.2-.2-6.9-.2-10.6-.2-3.7 0-9.7 1.4-14.8 6.9-5.1 5.6-19.4 19-19.4 46.3 0 27.3 19.9 53.7 22.6 57.4 2.8 3.7 39.1 59.7 94.8 83.8 35.2 15.2 49 16.5 66.6 13.9 10.7-1.6 32.8-13.4 37.4-26.4 4.6-13 4.6-24.1 3.2-26.4-1.3-2.5-5-3.9-10.5-6.6z\"\/><\/svg><\/span><\/a><\/div>\n<\/div>\n<\/div><\/div>\n\n\n<style>.kadence-column11909_5d5bc3-63 > .kt-inside-inner-col,.kadence-column11909_5d5bc3-63 > .kt-inside-inner-col:before{border-top-left-radius:0px;border-top-right-radius:0px;border-bottom-right-radius:0px;border-bottom-left-radius:0px;}.kadence-column11909_5d5bc3-63 > .kt-inside-inner-col{column-gap:var(--global-kb-gap-sm, 1rem);}.kadence-column11909_5d5bc3-63 > .kt-inside-inner-col{flex-direction:column;}.kadence-column11909_5d5bc3-63 > .kt-inside-inner-col > .aligncenter{width:100%;}.kadence-column11909_5d5bc3-63 > .kt-inside-inner-col:before{opacity:0.3;}.kadence-column11909_5d5bc3-63{position:relative;}@media all and (max-width: 1024px){.kadence-column11909_5d5bc3-63 > .kt-inside-inner-col{flex-direction:column;justify-content:center;}}@media all and (max-width: 767px){.kadence-column11909_5d5bc3-63 > .kt-inside-inner-col{flex-direction:column;justify-content:center;}}<\/style>\n<div class=\"wp-block-kadence-column kadence-column11909_5d5bc3-63 inner-column-2\"><div class=\"kt-inside-inner-col\">\n<p><a href=\"https:\/\/wa.me\/5511999322382\" target=\"_blank\" rel=\"noreferrer noopener nofollow\">+ 5511 9 9932 2382<\/a><\/p>\n<\/div><\/div>\n\n<\/div><\/div><\/div><\/div>\n\n<\/div><\/div>\n\n<style>.kadence-column11909_5b7ff0-4e > .kt-inside-inner-col{padding-top:10px;padding-right:7px;}.kadence-column11909_5b7ff0-4e > .kt-inside-inner-col,.kadence-column11909_5b7ff0-4e > .kt-inside-inner-col:before{border-top-left-radius:0px;border-top-right-radius:0px;border-bottom-right-radius:0px;border-bottom-left-radius:0px;}.kadence-column11909_5b7ff0-4e > .kt-inside-inner-col{column-gap:var(--global-kb-gap-sm, 1rem);}.kadence-column11909_5b7ff0-4e > .kt-inside-inner-col{flex-direction:column;}.kadence-column11909_5b7ff0-4e > .kt-inside-inner-col > .aligncenter{width:100%;}.kadence-column11909_5b7ff0-4e > .kt-inside-inner-col:before{opacity:0.3;}.kadence-column11909_5b7ff0-4e{position:relative;}.kadence-column11909_5b7ff0-4e, .kt-inside-inner-col > .kadence-column11909_5b7ff0-4e:not(.specificity){margin-top:10px;}@media all and (max-width: 1024px){.kadence-column11909_5b7ff0-4e > .kt-inside-inner-col{flex-direction:column;justify-content:center;}}@media all and (max-width: 767px){.kadence-column11909_5b7ff0-4e > .kt-inside-inner-col{flex-direction:column;justify-content:center;}}<\/style>\n<div class=\"wp-block-kadence-column kadence-column11909_5b7ff0-4e inner-column-1\"><div class=\"kt-inside-inner-col\"><style>.wp-block-kadence-advancedheading.kt-adv-heading11909_6ff5c7-60, .wp-block-kadence-advancedheading.kt-adv-heading11909_6ff5c7-60[data-kb-block=\"kb-adv-heading11909_6ff5c7-60\"]{font-style:normal;}.wp-block-kadence-advancedheading.kt-adv-heading11909_6ff5c7-60 mark.kt-highlight, .wp-block-kadence-advancedheading.kt-adv-heading11909_6ff5c7-60[data-kb-block=\"kb-adv-heading11909_6ff5c7-60\"] mark.kt-highlight{font-style:normal;color:#f76a0c;-webkit-box-decoration-break:clone;box-decoration-break:clone;padding-top:0px;padding-right:0px;padding-bottom:0px;padding-left:0px;}.wp-block-kadence-advancedheading.kt-adv-heading11909_6ff5c7-60 img.kb-inline-image, .wp-block-kadence-advancedheading.kt-adv-heading11909_6ff5c7-60[data-kb-block=\"kb-adv-heading11909_6ff5c7-60\"] img.kb-inline-image{width:150px;vertical-align:baseline;}<\/style>\n<h3 class=\"kt-adv-heading11909_6ff5c7-60 wp-block-kadence-advancedheading\" data-kb-block=\"kb-adv-heading11909_6ff5c7-60\"><strong>Envie um e\u2011mail:<\/strong><\/h3>\n\n\n<style>.kadence-form-11909_712d90-fd .kb-form .kadence-blocks-form-field .kb-text-style-field, .kadence-form-11909_712d90-fd .kb-form .kadence-blocks-form-field .kb-select-style-field{border-radius:0px;font-size:0.9em;border-width:1px 1px 1px 1px;border-color:var(--global-palette7, #EDF2F7);box-shadow:2px 2px 4px 0px rgba(0, 0, 0, 0.02);}.kadence-form-11909_712d90-fd .kb-form .kadence-blocks-form-field .kb-text-style-field:focus, .kadence-form-11909_712d90-fd .kb-form .kadence-blocks-form-field .kb-select-style-field:focus{box-shadow:2px 2px 4px 0px rgba(0, 0, 0, 0.06);}.kadence-form-11909_712d90-fd .kb-form .kadence-blocks-form-field > label{font-size:1em;}.kadence-form-11909_712d90-fd .kb-form .kadence-blocks-form-field .kb-forms-submit{color:var(--global-palette8, #F7FAFC);border-radius:0px;background:var(--global-palette4, #2D3748);}.kadence-form-11909_712d90-fd .kb-form .kadence-blocks-form-field .kb-forms-submit:hover, .kadence-form-11909_712d90-fd .kb-form .kadence-blocks-form-field .kb-forms-submit:focus {color:var(--global-palette9, #ffffff);background:var(--global-palette2, #2B6CB0);}.kadence-form-11909_712d90-fd .kb-form .kadence-blocks-form-field .kb-forms-submit{padding-top:12px;padding-right:40px;padding-bottom:12px;padding-left:40px;}.kadence-form-11909_712d90-fd .kb-form .kadence-blocks-form-field .kb-forms-submit{font-size:20px;}.kb-form input.kadence-blocks-field.verify{opacity:0.0;position:absolute;top:0.0;left:0.0;width:0.0;height:0.0;z-index:-1;}<\/style>\n<div class=\"wp-block-kadence-form kadence-form-11909_712d90-fd kb-form-wrap\"><form class=\"kb-form\" action=\"\" method=\"post\" data-error-message=\"Por favor, corrija o erro para proceder.\"><div class=\"kadence-blocks-form-field kb-field-desk-width-100 kb-input-size-standard\"><input name=\"kb_field_0\" id=\"kb_field_11909_712d90-fd_0\" data-label=\"Nome\" type=\"text\" placeholder=\"Nome\" value=\"\" data-type=\"text\" class=\"kb-field kb-text-style-field kb-text-field kb-field-0\" data-required=\"yes\" data-required-message=\"Nome \u00e9 obrigat\u00f3rio\"\/><\/div><div class=\"kadence-blocks-form-field kb-form-field-1 kb-field-desk-width-100 kb-input-size-standard\"><input name=\"kb_field_1\" id=\"kb_field_11909_712d90-fd_1\" data-label=\"Email\" type=\"email\" placeholder=\"Email\" value=\"\" data-type=\"email\" class=\"kb-field kb-text-style-field kb-email-field kb-field-1\" data-required=\"yes\" data-required-message=\"Email \u00e9 obrigat\u00f3rio\" data-validation-message=\"Email n\u00e3o \u00e9 v\u00e1lido\"\/><\/div><div class=\"kadence-blocks-form-field kb-form-field-2 kb-field-desk-width-100 kb-input-size-standard\"><textarea name=\"kb_field_2\" id=\"kb_field_11909_712d90-fd_2\" data-label=\"Mensagem\" type=\"textarea\" placeholder=\"Mensagem\" data-type=\"textarea\" class=\"kb-field kb-text-style-field kb-textarea-field kb-field-2\" rows=\"4\"><\/textarea><\/div><input type=\"hidden\" name=\"_kb_form_id\" value=\"11909_712d90-fd\"\/><input type=\"hidden\" name=\"_kb_form_post_id\" value=\"11909\"\/><input type=\"hidden\" name=\"action\" value=\"kb_process_ajax_submit\"\/><input type=\"hidden\" name=\"recaptcha_response\" class=\"kb_recaptcha_response kb_recaptcha_11909_712d90-fd\"\/><label class=\"kadence-verify-label\">Email<input class=\"kadence-blocks-field verify\" type=\"text\" name=\"_kb_verify_email\" autocomplete=\"new-password\" aria-hidden=\"true\" placeholder=\"Email\" tabindex=\"-1\" data-1p-ignore=\"true\" data-lpignore=\"true\" \/><\/label><div class=\"kadence-blocks-form-field kb-submit-field kb-field-desk-width-100\"><button class=\"kb-forms-submit button kb-button-size-custom kb-button-width-full\">Enviar<\/button><\/div><\/form><\/div>\n<noscript><div class=\"kadence-blocks-form-message kadence-blocks-form-warning\">Please enable JavaScript in your browser to submit the form<\/div><style>.kadence-form-11909_712d90-fd .kadence-blocks-form-field.kb-submit-field { display: none; }<\/style><\/noscript><\/div><\/div>\n\n\n<style>.kb-google-maps-container11909_839584-28{height:450px;padding-top:var(--global-kb-spacing-xxs, 0.5rem);}<\/style><div class=\"kb-google-maps-container kb-google-maps-container11909_839584-28  wp-block-kadence-googlemaps\" data-mapid=\"11909_83958428\"><iframe width=\"100%\" height=\"100%\"\n\t\t\t\t\t\t\tstyle=\"border:0\" loading=\"lazy\"\n\t\t\t\t\t\t\tsrc=\"https:\/\/www.google.com\/maps\/embed\/v1\/place?key=AIzaSyBAM2o7PiQqwk15LC1XRH2e_KJ-jUa7KYk&#038;zoom=10&#038;maptype=roadmap&#038;q=R.+Alian%C3%A7a+Liberal%2C+970+-+Vila+Bela+Alianca%2C+S%C3%A3o+Paulo+-+SP%2C+05088-000%2C+Brasil\"\n\t\t\t\t\t\t\ttitle=\"Google map of R. Alian\u00e7a Liberal, 970 - Vila Bela Alianca, S\u00e3o Paulo - SP, 05088-000, Brasil\"><\/iframe><\/div><script>function kb_google_map11909_83958428() { let center = { lat: 37.8201, lng: -122.4781}; let map = new google.maps.Map(document.getElementById(\"kb-google-map11909_83958428\"), {\n\t\t\t\t\t    zoom: 10,\n\t\t\t\t\t    center: center,});let marker = new google.maps.Marker({   position: { lat: 37.8201, lng: -122.4781},    map: map,  });}<\/script>\n\n<style>.kb-row-layout-id11909_95476c-af > .kt-row-column-wrap{align-content:start;}:where(.kb-row-layout-id11909_95476c-af > .kt-row-column-wrap) > .wp-block-kadence-column{justify-content:start;}.kb-row-layout-id11909_95476c-af > .kt-row-column-wrap{column-gap:var(--global-kb-gap-md, 2rem);row-gap:var(--global-kb-gap-md, 2rem);max-width:var( --global-content-width, 1290px );padding-left:var(--global-content-edge-padding);padding-right:var(--global-content-edge-padding);padding-top:20px;padding-bottom:20px;grid-template-columns:minmax(0, 1fr);}.kb-row-layout-id11909_95476c-af > .kt-row-layout-overlay{opacity:0.30;}.kb-row-layout-id11909_95476c-af .kt-row-layout-bottom-sep{height:100px;}.kb-row-layout-id11909_95476c-af .kt-row-layout-bottom-sep svg{width:100%;}.kb-row-layout-id11909_95476c-af .kt-row-layout-bottom-sep svg{fill:#ffffff!important;}@media all and (max-width: 1024px){.kb-row-layout-id11909_95476c-af > .kt-row-column-wrap{grid-template-columns:minmax(0, 1fr);}}@media all and (max-width: 1024px){.kb-row-layout-id11909_95476c-af .kt-row-layout-bottom-sep{height:px;}}@media all and (max-width: 1024px){.kb-row-layout-id11909_95476c-af .kt-row-layout-bottom-sep svg{width:%;}}@media all and (max-width: 767px){.kb-row-layout-id11909_95476c-af > .kt-row-column-wrap{grid-template-columns:minmax(0, 1fr);}.kb-row-layout-id11909_95476c-af .kt-row-layout-bottom-sep{height:px;}.kb-row-layout-id11909_95476c-af .kt-row-layout-bottom-sep svg{width:%;}}<\/style><div class=\"kb-row-layout-wrap kb-row-layout-id11909_95476c-af alignnone wp-block-kadence-rowlayout\"><div class=\"kt-row-column-wrap kt-has-1-columns kt-row-layout-equal kt-tab-layout-inherit kt-mobile-layout-row kt-row-valign-top kb-theme-content-width\">\n<style>.kadence-column11909_a4acb3-0f > .kt-inside-inner-col,.kadence-column11909_a4acb3-0f > .kt-inside-inner-col:before{border-top-left-radius:0px;border-top-right-radius:0px;border-bottom-right-radius:0px;border-bottom-left-radius:0px;}.kadence-column11909_a4acb3-0f > .kt-inside-inner-col{column-gap:var(--global-kb-gap-sm, 1rem);}.kadence-column11909_a4acb3-0f > .kt-inside-inner-col{flex-direction:column;}.kadence-column11909_a4acb3-0f > .kt-inside-inner-col > .aligncenter{width:100%;}.kadence-column11909_a4acb3-0f > .kt-inside-inner-col:before{opacity:0.3;}.kadence-column11909_a4acb3-0f{position:relative;}@media all and (max-width: 1024px){.kadence-column11909_a4acb3-0f > .kt-inside-inner-col{flex-direction:column;justify-content:center;}}@media all and (max-width: 767px){.kadence-column11909_a4acb3-0f > .kt-inside-inner-col{flex-direction:column;justify-content:center;}}<\/style>\n<div class=\"wp-block-kadence-column kadence-column11909_a4acb3-0f\"><div class=\"kt-inside-inner-col\"><\/div><\/div>\n\n<\/div><\/div>","protected":false},"excerpt":{"rendered":"<p>CISNE NEGRO CIA DE DAN\u00c7A Rua Alian\u00e7a Liberal, 970 &#8211; Vila LeopoldinaS\u00e3o Paulo &#8211; SP &#8211; CEP- 05088-000Brasil +55 11 3813-4966 + 5511 9 9932 2382 Envie um e\u2011mail:<\/p>","protected":false},"author":1,"featured_media":0,"parent":0,"menu_order":0,"comment_status":"closed","ping_status":"closed","template":"","meta":{"_kad_blocks_custom_css":"","_kad_blocks_head_custom_js":"","_kad_blocks_body_custom_js":"","_kad_blocks_footer_custom_js":"","_kad_post_transparent":"","_kad_post_title":"","_kad_post_layout":"","_kad_post_sidebar_id":"","_kad_post_content_style":"","_kad_post_vertical_padding":"","_kad_post_feature":"","_kad_post_feature_position":"","_kad_post_header":false,"_kad_post_footer":false,"_kad_post_classname":"","footnotes":""},"class_list":["post-11909","page","type-page","status-publish","hentry"],"taxonomy_info":[],"featured_image_src_large":false,"author_info":{"display_name":"Cisne Negro Cia de Dan\u00e7a","author_link":"https:\/\/cisnenegro.com.br\/en\/author\/olhara\/"},"comment_info":0,"_links":{"self":[{"href":"https:\/\/cisnenegro.com.br\/en\/wp-json\/wp\/v2\/pages\/11909","targetHints":{"allow":["GET"]}}],"collection":[{"href":"https:\/\/cisnenegro.com.br\/en\/wp-json\/wp\/v2\/pages"}],"about":[{"href":"https:\/\/cisnenegro.com.br\/en\/wp-json\/wp\/v2\/types\/page"}],"author":[{"embeddable":true,"href":"https:\/\/cisnenegro.com.br\/en\/wp-json\/wp\/v2\/users\/1"}],"replies":[{"embeddable":true,"href":"https:\/\/cisnenegro.com.br\/en\/wp-json\/wp\/v2\/comments?post=11909"}],"version-history":[{"count":1,"href":"https:\/\/cisnenegro.com.br\/en\/wp-json\/wp\/v2\/pages\/11909\/revisions"}],"predecessor-version":[{"id":17819,"href":"https:\/\/cisnenegro.com.br\/en\/wp-json\/wp\/v2\/pages\/11909\/revisions\/17819"}],"wp:attachment":[{"href":"https:\/\/cisnenegro.com.br\/en\/wp-json\/wp\/v2\/media?parent=11909"}],"curies":[{"name":"wp","href":"https:\/\/api.w.org\/{rel}","templated":true}]}}